  
  {"id":410,"date":"2015-09-08T08:23:33","date_gmt":"2015-09-08T08:23:33","guid":{"rendered":"http:\/\/vierra.themenesia.com\/new\/?page_id=410"},"modified":"2015-09-08T08:23:33","modified_gmt":"2015-09-08T08:23:33","slug":"homepage-6","status":"publish","type":"page","link":"https:\/\/zagrebapartmanioliva.com\/hr\/","title":{"rendered":"Homepage 6"},"content":{"rendered":"<p class=\"qtranxs-available-languages-message qtranxs-available-languages-message-hr\">\u017dao nam je, ne postoji prijevod na raspolaganju za ovaj proizvod jo\u0161 <a href=\"https:\/\/zagrebapartmanioliva.com\/de\/wp-json\/wp\/v2\/pages\/410\" class=\"qtranxs-available-language-link qtranxs-available-language-link-de\" title=\"Deutsch\">Njema\u010dki<\/a>.<\/p>","protected":false},"excerpt":{"rendered":"<p>\u017dao nam je, ne postoji prijevod na raspolaganju za ovaj proizvod jo\u0161 Njema\u010dki.<\/p>\n","protected":false},"author":1,"featured_media":0,"parent":0,"menu_order":0,"comment_status":"closed","ping_status":"closed","template":"page_slider_revolution.php","meta":[],"_links":{"self":[{"href":"https:\/\/zagrebapartmanioliva.com\/hr\/wp-json\/wp\/v2\/pages\/410"}],"collection":[{"href":"https:\/\/zagrebapartmanioliva.com\/hr\/wp-json\/wp\/v2\/pages"}],"about":[{"href":"https:\/\/zagrebapartmanioliva.com\/hr\/wp-json\/wp\/v2\/types\/page"}],"author":[{"embeddable":true,"href":"https:\/\/zagrebapartmanioliva.com\/hr\/wp-json\/wp\/v2\/users\/1"}],"replies":[{"embeddable":true,"href":"https:\/\/zagrebapartmanioliva.com\/hr\/wp-json\/wp\/v2\/comments?post=410"}],"version-history":[{"count":0,"href":"https:\/\/zagrebapartmanioliva.com\/hr\/wp-json\/wp\/v2\/pages\/410\/revisions"}],"wp:attachment":[{"href":"https:\/\/zagrebapartmanioliva.com\/hr\/wp-json\/wp\/v2\/media?parent=410"}],"curies":[{"name":"wp","href":"https:\/\/api.w.org\/{rel}","templated":true}]}}